{"id":874,"date":"2025-11-05T19:12:24","date_gmt":"2025-11-05T19:12:24","guid":{"rendered":"https:\/\/customix.online\/politica-de-privacidad\/"},"modified":"2025-11-26T17:51:46","modified_gmt":"2025-11-26T17:51:46","slug":"politica-de-privacidad","status":"publish","type":"page","link":"https:\/\/customix.online\/es\/politica-de-privacidad\/","title":{"rendered":"Pol\u00edtica de privacidad"},"content":{"rendered":"\n<h1 class=\"wp-block-heading\">Pol\u00edtica de privacidad<\/h1>\n\n<p><strong>Qui\u00e9nes somos<\/strong><br\/>Nuestra direcci\u00f3n web es: <strong><a href=\"http:\/\/customix.online\">http:\/\/customix.online<\/a><\/strong>.<br\/><\/p>\n\n<hr class=\"wp-block-separator has-alpha-channel-opacity\"\/>\n\n<h2 class=\"wp-block-heading\">Cookies<\/h2>\n\n<ul class=\"wp-block-list\">\n<li><strong>P\u00e1gina de inicio de sesi\u00f3n<\/strong>: cuando visitas la p\u00e1gina de inicio de sesi\u00f3n, establecemos una <strong>cookie temporal<\/strong> para comprobar si tu navegador acepta cookies. <strong>No contiene datos personales<\/strong> y se descarta al cerrar el navegador.  <\/li>\n\n\n\n<li><strong>Inicio de sesi\u00f3n<\/strong>: cuando inicias sesi\u00f3n, establecemos cookies para <strong>guardar tu informaci\u00f3n de inicio de sesi\u00f3n<\/strong> y <strong>preferencias de visualizaci\u00f3n<\/strong>.\n<ul class=\"wp-block-list\">\n<li>Cookies de inicio de sesi\u00f3n: <strong>2 d\u00edas<\/strong>.<\/li>\n\n\n\n<li>Opciones de pantalla: <strong>1 a\u00f1o<\/strong>.<\/li>\n\n\n\n<li>\u00abRecu\u00e9rdame\u00bb: el inicio de sesi\u00f3n persiste durante <strong>2 semanas<\/strong>. Cuando cierras la sesi\u00f3n de tu cuenta, se eliminan las cookies de inicio de sesi\u00f3n.  <\/li>\n<\/ul>\n<\/li>\n\n\n\n<li><strong>Edici\u00f3n\/publicaci\u00f3n<\/strong>: cuando editas o publicas un art\u00edculo (funci\u00f3n restringida a perfiles autorizados), una cookie adicional solo indica el <strong>ID de la entrada<\/strong> del art\u00edculo editado. Caduca despu\u00e9s de <strong>1 d\u00eda<\/strong>.  <\/li>\n<\/ul>\n\n<hr class=\"wp-block-separator has-alpha-channel-opacity\"\/>\n\n<h2 class=\"wp-block-heading\">Contenido incrustado de otros sitios<\/h2>\n\n<p>Las p\u00e1ginas de este sitio pueden incluir <strong>contenido incrustado<\/strong> (por ejemplo, v\u00eddeos, im\u00e1genes, art\u00edculos, etc.). El contenido incrustado de otros sitios <strong>se comporta exactamente<\/strong> como si el visitante hubiera visitado el otro sitio.<br\/>Estos sitios pueden <strong>recopilar datos<\/strong> sobre ti, utilizar <strong>cookies<\/strong>, incrustar <strong>seguimiento de terceros<\/strong> y <strong>supervisar tu interacci\u00f3n<\/strong> con ese contenido incrustado, incluso si est\u00e1s <strong>conectado<\/strong> al servicio de terceros.  <\/p>\n\n<hr class=\"wp-block-separator has-alpha-channel-opacity\"\/>\n\n<h2 class=\"wp-block-heading\">Con qui\u00e9n compartimos tus datos<\/h2>\n\n<p>Podemos compartir datos con <strong>proveedores de servicios<\/strong> necesarios para el funcionamiento del sitio y la tienda (por ejemplo, alojamiento, m\u00e9todos de pago, antifraude y an\u00e1lisis), siempre bajo contrato y en cumplimiento de la <strong>LGPD<\/strong>.<br\/>Si solicitas un <strong>restablecimiento de contrase\u00f1a<\/strong>, tu <strong>direcci\u00f3n IP<\/strong> puede incluirse en el correo electr\u00f3nico de restablecimiento por motivos de seguridad.<\/p>\n\n<hr class=\"wp-block-separator has-alpha-channel-opacity\"\/>\n\n<h2 class=\"wp-block-heading\">Cu\u00e1nto tiempo conservamos tus datos<\/h2>\n\n<ul class=\"wp-block-list\">\n<li><strong>Cuenta de usuario<\/strong> (si la hay): almacenamos la <strong>informaci\u00f3n personal<\/strong> proporcionada en el <strong>perfil<\/strong> mientras la cuenta est\u00e9 activa. Los usuarios pueden <strong>ver, editar o eliminar<\/strong> su informaci\u00f3n personal en cualquier momento (excepto su <strong>nombre de usuario<\/strong>).  <\/li>\n\n\n\n<li><strong>Registros de compra y facturaci\u00f3n<\/strong>: se conservan durante el <strong>per\u00edodo legal aplicable<\/strong> (por ejemplo, obligaciones fiscales y contables).<\/li>\n\n\n\n<li><strong>Registros de seguridad<\/strong> y eventos t\u00e9cnicos: se conservan durante el per\u00edodo <strong>necesario para la prevenci\u00f3n del fraude y la seguridad<\/strong>.<\/li>\n<\/ul>\n\n<hr class=\"wp-block-separator has-alpha-channel-opacity\"\/>\n\n<h2 class=\"wp-block-heading\">Qu\u00e9 derechos tienes sobre tus datos (LGPD)<\/h2>\n\n<p>Puedes solicitar:<\/p>\n\n<ul class=\"wp-block-list\">\n<li><strong>Confirmaci\u00f3n y acceso<\/strong> a los datos;<\/li>\n\n\n\n<li><strong>Correcci\u00f3n<\/strong> de datos incompletos, inexactos o desactualizados;<\/li>\n\n\n\n<li><strong>Anonimizaci\u00f3n, bloqueo o eliminaci\u00f3n<\/strong> de datos innecesarios, excesivos o tratados il\u00edcitamente;<\/li>\n\n\n\n<li><strong>Portabilidad<\/strong> a otro proveedor, cuando proceda;<\/li>\n\n\n\n<li><strong>Eliminaci\u00f3n<\/strong> de los datos tratados con consentimiento;<\/li>\n\n\n\n<li><strong>Informaci\u00f3n<\/strong> sobre el intercambio y sobre la posibilidad de <strong>no dar el consentimiento<\/strong> y sus consecuencias;<\/li>\n\n\n\n<li><strong>Revocaci\u00f3n del consentimiento<\/strong> en cualquier momento.<\/li>\n<\/ul>\n\n<p>Para ejercer tus derechos, ponte en contacto con: <strong>(correo electr\u00f3nico oficial)<\/strong> \/ <strong>(WhatsApp\/tel\u00e9fono)<\/strong>. Tambi\u00e9n puedes presentar una reclamaci\u00f3n ante la <strong>ANPD<\/strong>.  <\/p>\n\n<hr class=\"wp-block-separator has-alpha-channel-opacity\"\/>\n\n<h2 class=\"wp-block-heading\">Bases legales para el tratamiento<\/h2>\n\n<p>Tratamos los datos personales bas\u00e1ndonos en: <strong>cumplimiento del contrato<\/strong> (por ejemplo, el procesamiento de pedidos), <strong>cumplimiento de las obligaciones legales\/reglamentarias<\/strong>, <strong>inter\u00e9s leg\u00edtimo<\/strong> (seguridad del sitio web, prevenci\u00f3n del fraude, mejora del servicio) y\/o <strong>consentimiento<\/strong> (cuando proceda).<\/p>\n\n<hr class=\"wp-block-separator has-alpha-channel-opacity\"\/>\n\n<h2 class=\"wp-block-heading\">Seguridad de la informaci\u00f3n<\/h2>\n\n<p>Adoptamos <strong>medidas t\u00e9cnicas y organizativas<\/strong> para proteger tus datos. Sin embargo, ning\u00fan m\u00e9todo es <g id=\"gid_1\">100% seguro<\/g>. En caso de un incidente con riesgo o da\u00f1o relevante, tomaremos las medidas oportunas y <strong>notificaremos<\/strong> a los afectados y a las autoridades, cuando sea necesario.   <\/p>\n\n<hr class=\"wp-block-separator has-alpha-channel-opacity\"\/>\n\n<h2 class=\"wp-block-heading\">Actualizaciones de esta pol\u00edtica<\/h2>\n\n<p>Es posible que actualicemos esta Pol\u00edtica de privacidad peri\u00f3dicamente. La versi\u00f3n actual siempre se publicar\u00e1 en esta p\u00e1gina, con la <strong>fecha de actualizaci\u00f3n<\/strong>: <strong>5 de noviembre de 2025<\/strong>.  <\/p>\n","protected":false},"excerpt":{"rendered":"<p>Pol\u00edtica de privacidad Qui\u00e9nes somosNuestra direcci\u00f3n web es: http:\/\/customix.online. Cookies Contenido incrustado de otros sitios Las p\u00e1ginas de este sitio pueden incluir contenido incrustado (por ejemplo, v\u00eddeos, im\u00e1genes, art\u00edculos, etc.). El contenido incrustado de otros sitios se comporta exactamente como si el visitante hubiera visitado el otro sitio.Estos sitios pueden recopilar datos sobre ti, utilizar [&#8230;]\n","protected":false},"author":1,"featured_media":0,"parent":0,"menu_order":0,"comment_status":"closed","ping_status":"open","template":"","meta":{"footnotes":""},"class_list":["post-874","page","type-page","status-publish","hentry"],"_hostinger_reach_plugin_has_subscription_block":false,"_hostinger_reach_plugin_is_elementor":false,"jetpack_sharing_enabled":true,"_links":{"self":[{"href":"https:\/\/customix.online\/es\/wp-json\/wp\/v2\/pages\/874","targetHints":{"allow":["GET"]}}],"collection":[{"href":"https:\/\/customix.online\/es\/wp-json\/wp\/v2\/pages"}],"about":[{"href":"https:\/\/customix.online\/es\/wp-json\/wp\/v2\/types\/page"}],"author":[{"embeddable":true,"href":"https:\/\/customix.online\/es\/wp-json\/wp\/v2\/users\/1"}],"replies":[{"embeddable":true,"href":"https:\/\/customix.online\/es\/wp-json\/wp\/v2\/comments?post=874"}],"version-history":[{"count":3,"href":"https:\/\/customix.online\/es\/wp-json\/wp\/v2\/pages\/874\/revisions"}],"predecessor-version":[{"id":1458,"href":"https:\/\/customix.online\/es\/wp-json\/wp\/v2\/pages\/874\/revisions\/1458"}],"wp:attachment":[{"href":"https:\/\/customix.online\/es\/wp-json\/wp\/v2\/media?parent=874"}],"curies":[{"name":"wp","href":"https:\/\/api.w.org\/{rel}","templated":true}]}}